{"id":1790,"date":"2024-04-05T16:24:39","date_gmt":"2024-04-05T14:24:39","guid":{"rendered":"https:\/\/comehome.network\/el-equipo\/"},"modified":"2024-10-09T21:21:47","modified_gmt":"2024-10-09T19:21:47","slug":"el-equipo","status":"publish","type":"page","link":"https:\/\/comehome.network\/es\/el-equipo\/","title":{"rendered":"El equipo"},"content":{"rendered":"<section class=\"l-section wpb_row height_small with_img parallax_ver parallaxdir_reversed with_shape\"><div class=\"l-section-img\" role=\"img\" aria-label=\"Imagen\" data-img-width=\"1024\" data-img-height=\"683\" style=\"background-image: url(https:\/\/comehome.network\/wp-content\/uploads\/2024\/09\/buero4.jpg);background-position: top center;background-repeat: no-repeat;\"><\/div><div class=\"l-section-overlay\" style=\"background:rgba(0,0,0,0.30)\"><\/div><div class=\"l-section-shape type_zigzag pos_bottom\" style=\"height:15vmin;\"><svg xmlns=\"http:\/\/www.w3.org\/2000\/svg\" viewBox=\"0 0 64 8\" preserveAspectRatio=\"none\" width=\"100%\" height=\"100%\">\r\n\t<path fill=\"currentColor\" d=\"M64 8 L0 8 L0 0 L20 7.9 L40 3 L48 5 L64 0 Z\"\/>\r\n<\/svg><\/div><div class=\"l-section-h i-cf\"><div class=\"g-cols vc_row via_grid cols_1 laptops-cols_inherit tablets-cols_inherit mobiles-cols_1 valign_top type_default stacking_default\"><div class=\"wpb_column vc_column_container\"><div class=\"vc_column-inner\"><div class=\"w-separator size_custom\" style=\"height:150px\"><\/div><div class=\"wpb_text_column us_custom_98c5b2a3\"><div class=\"wpb_wrapper\"><h1 style=\"text-align: center;\"><span style=\"color: #ffffff;\">Ya estamos en proceso <\/span><\/h1>\n<\/div><\/div><div class=\"g-cols wpb_row via_grid cols_1-2-1 laptops-cols_inherit tablets-cols_inherit mobiles-cols_1 valign_top type_default stacking_default\" style=\"--columns-gap:3rem;\"><div class=\"wpb_column vc_column_container\"><div class=\"vc_column-inner\"><\/div><\/div><div class=\"wpb_column vc_column_container us_custom_6b868144\"><div class=\"vc_column-inner\"><div class=\"wpb_text_column us_custom_98c5b2a3\"><div class=\"wpb_wrapper\"><h3 style=\"text-align: center;\"><span style=\"color: #ffff00;\">Estamos apasionadamente comprometidos con la repatriaci\u00f3n de los ni\u00f1os ucranianos deportados<\/span><\/h3>\n<h3 style=\"text-align: center;\"><\/h3>\n<\/div><\/div><\/div><\/div><div class=\"wpb_column vc_column_container\"><div class=\"vc_column-inner\"><\/div><\/div><\/div><div class=\"w-separator size_custom\" style=\"height:200px\"><\/div><\/div><\/div><\/div><\/div><\/section><section class=\"l-section wpb_row us_custom_916d5e53 height_small\"><div class=\"l-section-h i-cf\"><div class=\"g-cols vc_row via_grid cols_1 laptops-cols_inherit tablets-cols_inherit mobiles-cols_1 valign_top type_default stacking_default\"><div class=\"wpb_column vc_column_container\"><div class=\"vc_column-inner\"><div class=\"g-cols wpb_row via_grid cols_2 laptops-cols_inherit tablets-cols_1 mobiles-cols_1 valign_top type_default stacking_default\" style=\"--columns-gap:20px;\"><div class=\"wpb_column vc_column_container\"><div class=\"vc_column-inner\"><h1 class=\"w-text\"><span class=\"w-text-h\"><span class=\"w-text-value\">Nuestro s\u00f3lido equipo del futuro<\/span><\/span><\/h1><\/div><\/div><div class=\"wpb_column vc_column_container\"><div class=\"vc_column-inner\"><div class=\"w-text\"><span class=\"w-text-h\"><span class=\"w-text-value\">Como organizaci\u00f3n, nuestro objetivo es construir un equipo fuerte y eficaz que trabaje unido m\u00e1s all\u00e1 de las fronteras geogr\u00e1ficas.<br \/>\nAunque la mayor parte de nuestro futuro equipo no trabajar\u00e1 en el mismo lugar, estamos constantemente conectados a distancia.<br \/>\nEste tipo de colaboraci\u00f3n nos permite aunar capacidades independientemente de la ubicaci\u00f3n y encontrar personas con experiencia y un alto nivel de compromiso.<br \/>\nLos miembros de nuestro equipo aportan sus habilidades y experiencia individuales para desarrollar conjuntamente soluciones innovadoras y alcanzar nuestros objetivos.<br \/>\nEstamos convencidos de que estos m\u00e9todos de trabajo flexibles y eficaces nos ayudan a tener \u00e9xito como equipo y a lograr un rendimiento sobresaliente.<\/span><\/span><\/div><\/div><\/div><\/div><div class=\"w-separator size_medium\"><\/div><div class=\"g-cols wpb_row via_grid cols_4 laptops-cols_inherit tablets-cols_2 mobiles-cols_2 valign_top type_default stacking_default\" style=\"--columns-gap:20px;\"><div class=\"wpb_column vc_column_container\"><div class=\"vc_column-inner\"><div class=\"w-image us_custom_0b42ede3 align_none\"><div class=\"w-image-h\"><img decoding=\"async\" width=\"400\" height=\"400\" src=\"https:\/\/comehome.network\/wp-content\/uploads\/2024\/05\/alanena.jpg\" class=\"attachment-large size-large\" alt=\"\" loading=\"lazy\" srcset=\"https:\/\/comehome.network\/wp-content\/uploads\/2024\/05\/alanena.jpg 400w, https:\/\/comehome.network\/wp-content\/uploads\/2024\/05\/alanena-300x300.jpg 300w, https:\/\/comehome.network\/wp-content\/uploads\/2024\/05\/alanena-150x150.jpg 150w\" sizes=\"auto, (max-width: 400px) 100vw, 400px\" \/><\/div><\/div><div class=\"w-separator size_small\"><\/div><div class=\"wpb_text_column\"><div class=\"wpb_wrapper\"><h3 style=\"text-align: center;\">Irina Blogacheva<\/h3>\n<h5 style=\"text-align: center;\">Voluntariado<\/h5>\n<\/div><\/div><div class=\"w-separator size_small\"><\/div><\/div><\/div><div class=\"wpb_column vc_column_container\"><div class=\"vc_column-inner\"><div class=\"w-image us_custom_213e151c align_none\"><div class=\"w-image-h\"><img decoding=\"async\" width=\"400\" height=\"400\" src=\"https:\/\/comehome.network\/wp-content\/uploads\/2024\/05\/Julia.jpg\" class=\"attachment-large size-large\" alt=\"\" loading=\"lazy\" srcset=\"https:\/\/comehome.network\/wp-content\/uploads\/2024\/05\/Julia.jpg 400w, https:\/\/comehome.network\/wp-content\/uploads\/2024\/05\/Julia-300x300.jpg 300w, https:\/\/comehome.network\/wp-content\/uploads\/2024\/05\/Julia-150x150.jpg 150w\" sizes=\"auto, (max-width: 400px) 100vw, 400px\" \/><\/div><\/div><div class=\"w-separator size_small\"><\/div><div class=\"wpb_text_column\"><div class=\"wpb_wrapper\"><h3 style=\"text-align: center;\">Svetlana Michovka<\/h3>\n<h5 style=\"text-align: center;\">Voluntariado<\/h5>\n<\/div><\/div><div class=\"w-separator size_small\"><\/div><\/div><\/div><div class=\"wpb_column vc_column_container\"><div class=\"vc_column-inner\"><div class=\"w-image us_custom_213e151c align_none\"><div class=\"w-image-h\"><img decoding=\"async\" width=\"400\" height=\"400\" src=\"https:\/\/comehome.network\/wp-content\/uploads\/2024\/05\/ludmila.jpg\" class=\"attachment-large size-large\" alt=\"\" loading=\"lazy\" srcset=\"https:\/\/comehome.network\/wp-content\/uploads\/2024\/05\/ludmila.jpg 400w, https:\/\/comehome.network\/wp-content\/uploads\/2024\/05\/ludmila-300x300.jpg 300w, https:\/\/comehome.network\/wp-content\/uploads\/2024\/05\/ludmila-150x150.jpg 150w\" sizes=\"auto, (max-width: 400px) 100vw, 400px\" \/><\/div><\/div><div class=\"w-separator size_small\"><\/div><div class=\"wpb_text_column\"><div class=\"wpb_wrapper\"><h3 style=\"text-align: center;\">Alena Pitcovka<\/h3>\n<h5 style=\"text-align: center;\">Voluntariado<\/h5>\n<\/div><\/div><div class=\"w-separator size_small\"><\/div><\/div><\/div><div class=\"wpb_column vc_column_container\"><div class=\"vc_column-inner\"><div class=\"w-image us_custom_213e151c align_none\"><div class=\"w-image-h\"><img decoding=\"async\" width=\"400\" height=\"400\" src=\"https:\/\/comehome.network\/wp-content\/uploads\/2024\/05\/svetlana.jpg\" class=\"attachment-large size-large\" alt=\"\" loading=\"lazy\" srcset=\"https:\/\/comehome.network\/wp-content\/uploads\/2024\/05\/svetlana.jpg 400w, https:\/\/comehome.network\/wp-content\/uploads\/2024\/05\/svetlana-300x300.jpg 300w, https:\/\/comehome.network\/wp-content\/uploads\/2024\/05\/svetlana-150x150.jpg 150w\" sizes=\"auto, (max-width: 400px) 100vw, 400px\" \/><\/div><\/div><div class=\"w-separator size_small\"><\/div><div class=\"wpb_text_column\"><div class=\"wpb_wrapper\"><h3 style=\"text-align: center;\">Tatyana M\u00fcller<\/h3>\n<h5 style=\"text-align: center;\">Voluntariado<\/h5>\n<\/div><\/div><div class=\"w-separator size_small\"><\/div><\/div><\/div><div class=\"wpb_column vc_column_container\"><div class=\"vc_column-inner\"><div class=\"w-image us_custom_213e151c align_none\"><div class=\"w-image-h\"><img decoding=\"async\" width=\"400\" height=\"400\" src=\"https:\/\/comehome.network\/wp-content\/uploads\/2024\/05\/Tatjana.jpg\" class=\"attachment-large size-large\" alt=\"\" loading=\"lazy\" srcset=\"https:\/\/comehome.network\/wp-content\/uploads\/2024\/05\/Tatjana.jpg 400w, https:\/\/comehome.network\/wp-content\/uploads\/2024\/05\/Tatjana-300x300.jpg 300w, https:\/\/comehome.network\/wp-content\/uploads\/2024\/05\/Tatjana-150x150.jpg 150w\" sizes=\"auto, (max-width: 400px) 100vw, 400px\" \/><\/div><\/div><div class=\"w-separator size_small\"><\/div><div class=\"wpb_text_column\"><div class=\"wpb_wrapper\"><h3 style=\"text-align: center;\">Irina Paltova<\/h3>\n<h5 style=\"text-align: center;\">Voluntariado<\/h5>\n<\/div><\/div><div class=\"w-separator size_small\"><\/div><\/div><\/div><div class=\"wpb_column vc_column_container\"><div class=\"vc_column-inner\"><div class=\"w-image us_custom_213e151c align_none\"><div class=\"w-image-h\"><img decoding=\"async\" width=\"400\" height=\"400\" src=\"https:\/\/comehome.network\/wp-content\/uploads\/2024\/05\/olga.jpg\" class=\"attachment-large size-large\" alt=\"\" loading=\"lazy\" srcset=\"https:\/\/comehome.network\/wp-content\/uploads\/2024\/05\/olga.jpg 400w, https:\/\/comehome.network\/wp-content\/uploads\/2024\/05\/olga-300x300.jpg 300w, https:\/\/comehome.network\/wp-content\/uploads\/2024\/05\/olga-150x150.jpg 150w\" sizes=\"auto, (max-width: 400px) 100vw, 400px\" \/><\/div><\/div><div class=\"w-separator size_small\"><\/div><div class=\"wpb_text_column\"><div class=\"wpb_wrapper\"><h3 style=\"text-align: center;\">Victoria klemntschuk<\/h3>\n<h5 style=\"text-align: center;\">Voluntariado<\/h5>\n<\/div><\/div><div class=\"w-separator size_small\"><\/div><\/div><\/div><div class=\"wpb_column vc_column_container\"><div class=\"vc_column-inner\"><div class=\"w-image us_custom_213e151c align_none\"><div class=\"w-image-h\"><img decoding=\"async\" width=\"400\" height=\"400\" src=\"https:\/\/comehome.network\/wp-content\/uploads\/2024\/05\/patricia.jpg\" class=\"attachment-large size-large\" alt=\"\" loading=\"lazy\" srcset=\"https:\/\/comehome.network\/wp-content\/uploads\/2024\/05\/patricia.jpg 400w, https:\/\/comehome.network\/wp-content\/uploads\/2024\/05\/patricia-300x300.jpg 300w, https:\/\/comehome.network\/wp-content\/uploads\/2024\/05\/patricia-150x150.jpg 150w\" sizes=\"auto, (max-width: 400px) 100vw, 400px\" \/><\/div><\/div><div class=\"w-separator size_small\"><\/div><div class=\"wpb_text_column\"><div class=\"wpb_wrapper\"><h3 style=\"text-align: center;\">Elena Patrocheva<\/h3>\n<h5 style=\"text-align: center;\">Voluntariado<\/h5>\n<\/div><\/div><div class=\"w-separator size_small\"><\/div><\/div><\/div><div class=\"wpb_column vc_column_container\"><div class=\"vc_column-inner\"><div class=\"w-image us_custom_213e151c align_none\"><div class=\"w-image-h\"><img decoding=\"async\" width=\"400\" height=\"400\" src=\"https:\/\/comehome.network\/wp-content\/uploads\/2024\/05\/founder.jpg\" class=\"attachment-large size-large\" alt=\"\" loading=\"lazy\" srcset=\"https:\/\/comehome.network\/wp-content\/uploads\/2024\/05\/founder.jpg 400w, https:\/\/comehome.network\/wp-content\/uploads\/2024\/05\/founder-300x300.jpg 300w, https:\/\/comehome.network\/wp-content\/uploads\/2024\/05\/founder-150x150.jpg 150w\" sizes=\"auto, (max-width: 400px) 100vw, 400px\" \/><\/div><\/div><div class=\"w-separator size_small\"><\/div><div class=\"wpb_text_column\"><div class=\"wpb_wrapper\"><h3 style=\"text-align: center;\">J. St\u00fcmmler<\/h3>\n<h5 style=\"text-align: center;\">Fundador<\/h5>\n<\/div><\/div><div class=\"w-separator size_small\"><\/div><\/div><\/div><\/div><\/div><\/div><\/div><\/div><\/section><section class=\"l-section wpb_row height_small with_shape\"><div class=\"l-section-overlay\" style=\"background:#c7c7c7\"><\/div><div class=\"l-section-shape type_zigzag pos_top\" style=\"height:15vmin;\"><svg xmlns=\"http:\/\/www.w3.org\/2000\/svg\" viewBox=\"0 0 64 8\" preserveAspectRatio=\"none\" width=\"100%\" height=\"100%\">\r\n\t<path fill=\"currentColor\" d=\"M64 8 L0 8 L0 0 L20 7.9 L40 3 L48 5 L64 0 Z\"\/>\r\n<\/svg><\/div><div class=\"l-section-shape type_zigzag pos_bottom\" style=\"height:15vmin;\"><svg xmlns=\"http:\/\/www.w3.org\/2000\/svg\" viewBox=\"0 0 64 8\" preserveAspectRatio=\"none\" width=\"100%\" height=\"100%\">\r\n\t<path fill=\"currentColor\" d=\"M64 8 L0 8 L0 0 L20 7.9 L40 3 L48 5 L64 0 Z\"\/>\r\n<\/svg><\/div><div class=\"l-section-h i-cf\"><div class=\"g-cols vc_row via_grid cols_1-2-1 laptops-cols_inherit tablets-cols_inherit mobiles-cols_1 valign_top type_default stacking_default\"><div class=\"wpb_column vc_column_container\"><div class=\"vc_column-inner\"><\/div><\/div><div class=\"wpb_column vc_column_container\"><div class=\"vc_column-inner\"><div class=\"w-separator size_custom\" style=\"height:100px\"><\/div><div class=\"wpb_text_column us_custom_34010fa8 has_text_color\"><div class=\"wpb_wrapper\"><h1 style=\"text-align: center;\"><span style=\"color: #0f131f;\">\u00bfQuieres desempe\u00f1ar un papel activo?<\/span><span style=\"color: #ffff00;\"><\/span><\/h1>\n<\/div><\/div><div class=\"wpb_text_column us_custom_b2b24f91 has_text_color\"><div class=\"wpb_wrapper\"><h3 style=\"text-align: center;\">Visita nuestra p\u00e1gina de empleo y consulta d\u00f3nde necesitamos apoyo actualmente<\/h3>\n<\/div><\/div><div class=\" vc_custom_1720430473532 ubtn-ctn-center \"><a class=\"ubtn-link ult-adjust-bottom-margin ubtn-center ubtn-block \" href=\"https:\/\/comehome.network\/job\/\" title=\"Media\" ><button type=\"button\" id=\"ubtn-4304\"  class=\"ubtn ult-adjust-bottom-margin ult-responsive ubtn-block ubtn-no-hover-bg  none  ubtn-sep-icon ubtn-sep-icon-at-left  ubtn-shd  ubtn-center  shd-bottom tooltip-6a04ea76d6f5d ubtn-block\"  data-hover=\"\" data-border-color=\"\" data-bg=\"#0000fc\" data-hover-bg=\"\" data-border-hover=\"\" data-shadow-hover=\"0 4px #1e73be;\" data-shadow-click=\"none\" data-shadow=\"0 4px #000000;\" data-shd-shadow=\"4\"  data-ultimate-target='#ubtn-4304'  data-responsive-json-new='{\"font-size\":\"desktop:25px;\",\"line-height\":\"\"}'  style=\"font-weight:normal;border:none;box-shadow: 0 4px #000000;background: #0000fc;color: #ffffff;\"><span class=\"ubtn-data ubtn-icon\"><i class=\"Defaults-th-list\" style=\"font-size:32px;color:;\"><\/i><\/span><span class=\"ubtn-hover\" style=\"background-color:\"><\/span><span class=\"ubtn-data ubtn-text \" >A los puestos de trabajo<\/span><\/button><\/a><\/div><div class=\"w-separator size_custom\" style=\"height:100px\"><\/div><\/div><\/div><div class=\"wpb_column vc_column_container\"><div class=\"vc_column-inner\"><\/div><\/div><\/div><\/div><\/section>\n","protected":false},"excerpt":{"rendered":"Ya estamos en proceso Estamos apasionadamente comprometidos con la repatriaci\u00f3n de los ni\u00f1os ucranianos deportados Nuestro s\u00f3lido equipo del futuroComo organizaci\u00f3n, nuestro objetivo es construir un equipo fuerte y eficaz que trabaje unido m\u00e1s all\u00e1 de las fronteras geogr\u00e1ficas. Aunque la mayor parte de nuestro futuro equipo no trabajar\u00e1 en el mismo lugar, estamos constantemente...","protected":false},"author":1,"featured_media":0,"parent":0,"menu_order":0,"comment_status":"closed","ping_status":"closed","template":"","meta":{"_acf_changed":false,"give_campaign_id":0,"pmpro_default_level":"","episode_type":"","audio_file":"","podmotor_file_id":"","podmotor_episode_id":"","cover_image":"","cover_image_id":"","duration":"","filesize":"","filesize_raw":"","date_recorded":"","explicit":"","block":"","itunes_episode_number":"","itunes_title":"","itunes_season_number":"","itunes_episode_type":"","iawp_total_views":0,"footnotes":""},"class_list":["post-1790","page","type-page","status-publish","hentry","pmpro-has-access"],"acf":[],"campaignId":"","_links":{"self":[{"href":"https:\/\/comehome.network\/es\/wp-json\/wp\/v2\/pages\/1790","targetHints":{"allow":["GET"]}}],"collection":[{"href":"https:\/\/comehome.network\/es\/wp-json\/wp\/v2\/pages"}],"about":[{"href":"https:\/\/comehome.network\/es\/wp-json\/wp\/v2\/types\/page"}],"author":[{"embeddable":true,"href":"https:\/\/comehome.network\/es\/wp-json\/wp\/v2\/users\/1"}],"replies":[{"embeddable":true,"href":"https:\/\/comehome.network\/es\/wp-json\/wp\/v2\/comments?post=1790"}],"version-history":[{"count":14,"href":"https:\/\/comehome.network\/es\/wp-json\/wp\/v2\/pages\/1790\/revisions"}],"predecessor-version":[{"id":7512,"href":"https:\/\/comehome.network\/es\/wp-json\/wp\/v2\/pages\/1790\/revisions\/7512"}],"wp:attachment":[{"href":"https:\/\/comehome.network\/es\/wp-json\/wp\/v2\/media?parent=1790"}],"curies":[{"name":"wp","href":"https:\/\/api.w.org\/{rel}","templated":true}]}}