{"id":1782,"date":"2024-04-05T16:24:39","date_gmt":"2024-04-05T14:24:39","guid":{"rendered":"https:\/\/comehome.network\/lequipe\/"},"modified":"2024-10-09T21:11:53","modified_gmt":"2024-10-09T19:11:53","slug":"lequipe","status":"publish","type":"page","link":"https:\/\/comehome.network\/fr\/lequipe\/","title":{"rendered":"L&#8217;\u00e9quipe"},"content":{"rendered":"<section class=\"l-section wpb_row height_small with_img parallax_ver parallaxdir_reversed with_shape\"><div class=\"l-section-img\" role=\"img\" aria-label=\"Image\" data-img-width=\"1024\" data-img-height=\"683\" style=\"background-image: url(https:\/\/comehome.network\/wp-content\/uploads\/2024\/09\/buero4.jpg);background-position: top center;background-repeat: no-repeat;\"><\/div><div class=\"l-section-overlay\" style=\"background:rgba(0,0,0,0.30)\"><\/div><div class=\"l-section-shape type_zigzag pos_bottom\" style=\"height:15vmin;\"><svg xmlns=\"http:\/\/www.w3.org\/2000\/svg\" viewBox=\"0 0 64 8\" preserveAspectRatio=\"none\" width=\"100%\" height=\"100%\">\r\n\t<path fill=\"currentColor\" d=\"M64 8 L0 8 L0 0 L20 7.9 L40 3 L48 5 L64 0 Z\"\/>\r\n<\/svg><\/div><div class=\"l-section-h i-cf\"><div class=\"g-cols vc_row via_grid cols_1 laptops-cols_inherit tablets-cols_inherit mobiles-cols_1 valign_top type_default stacking_default\"><div class=\"wpb_column vc_column_container\"><div class=\"vc_column-inner\"><div class=\"w-separator size_custom\" style=\"height:150px\"><\/div><div class=\"wpb_text_column us_custom_98c5b2a3\"><div class=\"wpb_wrapper\"><h1 style=\"text-align: center;\"><span style=\"color: #ffffff;\">Nous sommes d\u00e9j\u00e0 en train de le faire <\/span><\/h1>\n<\/div><\/div><div class=\"g-cols wpb_row via_grid cols_1-2-1 laptops-cols_inherit tablets-cols_inherit mobiles-cols_1 valign_top type_default stacking_default\" style=\"--columns-gap:3rem;\"><div class=\"wpb_column vc_column_container\"><div class=\"vc_column-inner\"><\/div><\/div><div class=\"wpb_column vc_column_container us_custom_6b868144\"><div class=\"vc_column-inner\"><div class=\"wpb_text_column us_custom_98c5b2a3\"><div class=\"wpb_wrapper\"><h3 style=\"text-align: center;\"><span style=\"color: #ffff00;\">Nous sommes passionn\u00e9s par le rapatriement des enfants ukrainiens d\u00e9port\u00e9s.<\/span><\/h3>\n<h3 style=\"text-align: center;\"><\/h3>\n<\/div><\/div><\/div><\/div><div class=\"wpb_column vc_column_container\"><div class=\"vc_column-inner\"><\/div><\/div><\/div><div class=\"w-separator size_custom\" style=\"height:200px\"><\/div><\/div><\/div><\/div><\/div><\/section><section class=\"l-section wpb_row us_custom_916d5e53 height_small\"><div class=\"l-section-h i-cf\"><div class=\"g-cols vc_row via_grid cols_1 laptops-cols_inherit tablets-cols_inherit mobiles-cols_1 valign_top type_default stacking_default\"><div class=\"wpb_column vc_column_container\"><div class=\"vc_column-inner\"><div class=\"g-cols wpb_row via_grid cols_2 laptops-cols_inherit tablets-cols_1 mobiles-cols_1 valign_top type_default stacking_default\" style=\"--columns-gap:20px;\"><div class=\"wpb_column vc_column_container\"><div class=\"vc_column-inner\"><h1 class=\"w-text\"><span class=\"w-text-h\"><span class=\"w-text-value\">Notre solide future \u00e9quipe<\/span><\/span><\/h1><\/div><\/div><div class=\"wpb_column vc_column_container\"><div class=\"vc_column-inner\"><div class=\"w-text\"><span class=\"w-text-h\"><span class=\"w-text-value\">En tant qu&#8217;organisation, notre objectif est de construire une \u00e9quipe solide et efficace qui travaille ensemble, m\u00eame au-del\u00e0 des fronti\u00e8res g\u00e9ographiques.<br \/>\nBien que la plupart de notre future \u00e9quipe ne travaille pas au m\u00eame endroit, nous sommes constamment connect\u00e9s \u00e0 distance.<br \/>\nCe type de collaboration nous permet de regrouper les comp\u00e9tences ind\u00e9pendamment de l&#8217;endroit o\u00f9 nous nous trouvons et de trouver des personnes ayant une expertise et dot\u00e9es d&#8217;un haut niveau d&#8217;engagement.<br \/>\nLes membres de notre \u00e9quipe apportent leurs comp\u00e9tences et exp\u00e9riences individuelles pour d\u00e9velopper ensemble des solutions innovantes et atteindre nos objectifs.<br \/>\nNous sommes convaincus que ces m\u00e9thodes de travail flexibles et efficaces nous aident \u00e0 r\u00e9ussir en tant qu&#8217;\u00e9quipe et \u00e0 atteindre des performances exceptionnelles.<\/span><\/span><\/div><\/div><\/div><\/div><div class=\"w-separator size_medium\"><\/div><div class=\"g-cols wpb_row via_grid cols_4 laptops-cols_inherit tablets-cols_2 mobiles-cols_2 valign_top type_default stacking_default\" style=\"--columns-gap:20px;\"><div class=\"wpb_column vc_column_container\"><div class=\"vc_column-inner\"><div class=\"w-image us_custom_0b42ede3 align_none\"><div class=\"w-image-h\"><img decoding=\"async\" width=\"400\" height=\"400\" src=\"https:\/\/comehome.network\/wp-content\/uploads\/2024\/05\/alanena.jpg\" class=\"attachment-large size-large\" alt=\"\" loading=\"lazy\" srcset=\"https:\/\/comehome.network\/wp-content\/uploads\/2024\/05\/alanena.jpg 400w, https:\/\/comehome.network\/wp-content\/uploads\/2024\/05\/alanena-300x300.jpg 300w, https:\/\/comehome.network\/wp-content\/uploads\/2024\/05\/alanena-150x150.jpg 150w\" sizes=\"auto, (max-width: 400px) 100vw, 400px\" \/><\/div><\/div><div class=\"w-separator size_small\"><\/div><div class=\"wpb_text_column\"><div class=\"wpb_wrapper\"><h3 style=\"text-align: center;\">Irina Blogacheva<\/h3>\n<h5 style=\"text-align: center;\">B\u00e9n\u00e9volat<\/h5>\n<\/div><\/div><div class=\"w-separator size_small\"><\/div><\/div><\/div><div class=\"wpb_column vc_column_container\"><div class=\"vc_column-inner\"><div class=\"w-image us_custom_213e151c align_none\"><div class=\"w-image-h\"><img decoding=\"async\" width=\"400\" height=\"400\" src=\"https:\/\/comehome.network\/wp-content\/uploads\/2024\/05\/Julia.jpg\" class=\"attachment-large size-large\" alt=\"\" loading=\"lazy\" srcset=\"https:\/\/comehome.network\/wp-content\/uploads\/2024\/05\/Julia.jpg 400w, https:\/\/comehome.network\/wp-content\/uploads\/2024\/05\/Julia-300x300.jpg 300w, https:\/\/comehome.network\/wp-content\/uploads\/2024\/05\/Julia-150x150.jpg 150w\" sizes=\"auto, (max-width: 400px) 100vw, 400px\" \/><\/div><\/div><div class=\"w-separator size_small\"><\/div><div class=\"wpb_text_column\"><div class=\"wpb_wrapper\"><h3 style=\"text-align: center;\">Svetlana Michovka<\/h3>\n<h5 style=\"text-align: center;\">B\u00e9n\u00e9volat<\/h5>\n<\/div><\/div><div class=\"w-separator size_small\"><\/div><\/div><\/div><div class=\"wpb_column vc_column_container\"><div class=\"vc_column-inner\"><div class=\"w-image us_custom_213e151c align_none\"><div class=\"w-image-h\"><img decoding=\"async\" width=\"400\" height=\"400\" src=\"https:\/\/comehome.network\/wp-content\/uploads\/2024\/05\/ludmila.jpg\" class=\"attachment-large size-large\" alt=\"\" loading=\"lazy\" srcset=\"https:\/\/comehome.network\/wp-content\/uploads\/2024\/05\/ludmila.jpg 400w, https:\/\/comehome.network\/wp-content\/uploads\/2024\/05\/ludmila-300x300.jpg 300w, https:\/\/comehome.network\/wp-content\/uploads\/2024\/05\/ludmila-150x150.jpg 150w\" sizes=\"auto, (max-width: 400px) 100vw, 400px\" \/><\/div><\/div><div class=\"w-separator size_small\"><\/div><div class=\"wpb_text_column\"><div class=\"wpb_wrapper\"><h3 style=\"text-align: center;\">Alena Pitcovka<\/h3>\n<h5 style=\"text-align: center;\">B\u00e9n\u00e9volat<\/h5>\n<\/div><\/div><div class=\"w-separator size_small\"><\/div><\/div><\/div><div class=\"wpb_column vc_column_container\"><div class=\"vc_column-inner\"><div class=\"w-image us_custom_213e151c align_none\"><div class=\"w-image-h\"><img decoding=\"async\" width=\"400\" height=\"400\" src=\"https:\/\/comehome.network\/wp-content\/uploads\/2024\/05\/svetlana.jpg\" class=\"attachment-large size-large\" alt=\"\" loading=\"lazy\" srcset=\"https:\/\/comehome.network\/wp-content\/uploads\/2024\/05\/svetlana.jpg 400w, https:\/\/comehome.network\/wp-content\/uploads\/2024\/05\/svetlana-300x300.jpg 300w, https:\/\/comehome.network\/wp-content\/uploads\/2024\/05\/svetlana-150x150.jpg 150w\" sizes=\"auto, (max-width: 400px) 100vw, 400px\" \/><\/div><\/div><div class=\"w-separator size_small\"><\/div><div class=\"wpb_text_column\"><div class=\"wpb_wrapper\"><h3 style=\"text-align: center;\">Tatyana M\u00fcller<\/h3>\n<h5 style=\"text-align: center;\">B\u00e9n\u00e9volat<\/h5>\n<\/div><\/div><div class=\"w-separator size_small\"><\/div><\/div><\/div><div class=\"wpb_column vc_column_container\"><div class=\"vc_column-inner\"><div class=\"w-image us_custom_213e151c align_none\"><div class=\"w-image-h\"><img decoding=\"async\" width=\"400\" height=\"400\" src=\"https:\/\/comehome.network\/wp-content\/uploads\/2024\/05\/Tatjana.jpg\" class=\"attachment-large size-large\" alt=\"\" loading=\"lazy\" srcset=\"https:\/\/comehome.network\/wp-content\/uploads\/2024\/05\/Tatjana.jpg 400w, https:\/\/comehome.network\/wp-content\/uploads\/2024\/05\/Tatjana-300x300.jpg 300w, https:\/\/comehome.network\/wp-content\/uploads\/2024\/05\/Tatjana-150x150.jpg 150w\" sizes=\"auto, (max-width: 400px) 100vw, 400px\" \/><\/div><\/div><div class=\"w-separator size_small\"><\/div><div class=\"wpb_text_column\"><div class=\"wpb_wrapper\"><h3 style=\"text-align: center;\">Irina Paltova<\/h3>\n<h5 style=\"text-align: center;\">B\u00e9n\u00e9volat<\/h5>\n<\/div><\/div><div class=\"w-separator size_small\"><\/div><\/div><\/div><div class=\"wpb_column vc_column_container\"><div class=\"vc_column-inner\"><div class=\"w-image us_custom_213e151c align_none\"><div class=\"w-image-h\"><img decoding=\"async\" width=\"400\" height=\"400\" src=\"https:\/\/comehome.network\/wp-content\/uploads\/2024\/05\/olga.jpg\" class=\"attachment-large size-large\" alt=\"\" loading=\"lazy\" srcset=\"https:\/\/comehome.network\/wp-content\/uploads\/2024\/05\/olga.jpg 400w, https:\/\/comehome.network\/wp-content\/uploads\/2024\/05\/olga-300x300.jpg 300w, https:\/\/comehome.network\/wp-content\/uploads\/2024\/05\/olga-150x150.jpg 150w\" sizes=\"auto, (max-width: 400px) 100vw, 400px\" \/><\/div><\/div><div class=\"w-separator size_small\"><\/div><div class=\"wpb_text_column\"><div class=\"wpb_wrapper\"><h3 style=\"text-align: center;\">Victoria klemntchuk<\/h3>\n<h5 style=\"text-align: center;\">B\u00e9n\u00e9volat<\/h5>\n<\/div><\/div><div class=\"w-separator size_small\"><\/div><\/div><\/div><div class=\"wpb_column vc_column_container\"><div class=\"vc_column-inner\"><div class=\"w-image us_custom_213e151c align_none\"><div class=\"w-image-h\"><img decoding=\"async\" width=\"400\" height=\"400\" src=\"https:\/\/comehome.network\/wp-content\/uploads\/2024\/05\/patricia.jpg\" class=\"attachment-large size-large\" alt=\"\" loading=\"lazy\" srcset=\"https:\/\/comehome.network\/wp-content\/uploads\/2024\/05\/patricia.jpg 400w, https:\/\/comehome.network\/wp-content\/uploads\/2024\/05\/patricia-300x300.jpg 300w, https:\/\/comehome.network\/wp-content\/uploads\/2024\/05\/patricia-150x150.jpg 150w\" sizes=\"auto, (max-width: 400px) 100vw, 400px\" \/><\/div><\/div><div class=\"w-separator size_small\"><\/div><div class=\"wpb_text_column\"><div class=\"wpb_wrapper\"><h3 style=\"text-align: center;\">Elena Patrocheva<\/h3>\n<h5 style=\"text-align: center;\">B\u00e9n\u00e9volat<\/h5>\n<\/div><\/div><div class=\"w-separator size_small\"><\/div><\/div><\/div><div class=\"wpb_column vc_column_container\"><div class=\"vc_column-inner\"><div class=\"w-image us_custom_213e151c align_none\"><div class=\"w-image-h\"><img decoding=\"async\" width=\"400\" height=\"400\" src=\"https:\/\/comehome.network\/wp-content\/uploads\/2024\/05\/founder.jpg\" class=\"attachment-large size-large\" alt=\"\" loading=\"lazy\" srcset=\"https:\/\/comehome.network\/wp-content\/uploads\/2024\/05\/founder.jpg 400w, https:\/\/comehome.network\/wp-content\/uploads\/2024\/05\/founder-300x300.jpg 300w, https:\/\/comehome.network\/wp-content\/uploads\/2024\/05\/founder-150x150.jpg 150w\" sizes=\"auto, (max-width: 400px) 100vw, 400px\" \/><\/div><\/div><div class=\"w-separator size_small\"><\/div><div class=\"wpb_text_column\"><div class=\"wpb_wrapper\"><h3 style=\"text-align: center;\">J. St\u00fcmmler<\/h3>\n<h5 style=\"text-align: center;\">Fondateur<\/h5>\n<\/div><\/div><div class=\"w-separator size_small\"><\/div><\/div><\/div><\/div><\/div><\/div><\/div><\/div><\/section><section class=\"l-section wpb_row height_small with_shape\"><div class=\"l-section-overlay\" style=\"background:#c7c7c7\"><\/div><div class=\"l-section-shape type_zigzag pos_top\" style=\"height:15vmin;\"><svg xmlns=\"http:\/\/www.w3.org\/2000\/svg\" viewBox=\"0 0 64 8\" preserveAspectRatio=\"none\" width=\"100%\" height=\"100%\">\r\n\t<path fill=\"currentColor\" d=\"M64 8 L0 8 L0 0 L20 7.9 L40 3 L48 5 L64 0 Z\"\/>\r\n<\/svg><\/div><div class=\"l-section-shape type_zigzag pos_bottom\" style=\"height:15vmin;\"><svg xmlns=\"http:\/\/www.w3.org\/2000\/svg\" viewBox=\"0 0 64 8\" preserveAspectRatio=\"none\" width=\"100%\" height=\"100%\">\r\n\t<path fill=\"currentColor\" d=\"M64 8 L0 8 L0 0 L20 7.9 L40 3 L48 5 L64 0 Z\"\/>\r\n<\/svg><\/div><div class=\"l-section-h i-cf\"><div class=\"g-cols vc_row via_grid cols_1-2-1 laptops-cols_inherit tablets-cols_inherit mobiles-cols_1 valign_top type_default stacking_default\"><div class=\"wpb_column vc_column_container\"><div class=\"vc_column-inner\"><\/div><\/div><div class=\"wpb_column vc_column_container\"><div class=\"vc_column-inner\"><div class=\"w-separator size_custom\" style=\"height:100px\"><\/div><div class=\"wpb_text_column us_custom_34010fa8 has_text_color\"><div class=\"wpb_wrapper\"><h1 style=\"text-align: center;\"><span style=\"color: #0f131f;\">Vous voulez participer activement ?<\/span><span style=\"color: #ffff00;\"><\/span><\/h1>\n<\/div><\/div><div class=\"wpb_text_column us_custom_b2b24f91 has_text_color\"><div class=\"wpb_wrapper\"><h3 style=\"text-align: center;\">Visitez notre page emploi pour voir o\u00f9 nous avons actuellement besoin d&#8217;aide.<\/h3>\n<\/div><\/div><div class=\" vc_custom_1720430473532 ubtn-ctn-center \"><a class=\"ubtn-link ult-adjust-bottom-margin ubtn-center ubtn-block \" href=\"https:\/\/comehome.network\/job\/\" title=\"Media\" ><button type=\"button\" id=\"ubtn-4345\"  class=\"ubtn ult-adjust-bottom-margin ult-responsive ubtn-block ubtn-no-hover-bg  none  ubtn-sep-icon ubtn-sep-icon-at-left  ubtn-shd  ubtn-center  shd-bottom tooltip-6a04ea5ccae2d ubtn-block\"  data-hover=\"\" data-border-color=\"\" data-bg=\"#0000fc\" data-hover-bg=\"\" data-border-hover=\"\" data-shadow-hover=\"0 4px #1e73be;\" data-shadow-click=\"none\" data-shadow=\"0 4px #000000;\" data-shd-shadow=\"4\"  data-ultimate-target='#ubtn-4345'  data-responsive-json-new='{\"font-size\":\"desktop:25px;\",\"line-height\":\"\"}'  style=\"font-weight:normal;border:none;box-shadow: 0 4px #000000;background: #0000fc;color: #ffffff;\"><span class=\"ubtn-data ubtn-icon\"><i class=\"Defaults-th-list\" style=\"font-size:32px;color:;\"><\/i><\/span><span class=\"ubtn-hover\" style=\"background-color:\"><\/span><span class=\"ubtn-data ubtn-text \" >Vers les emplois<\/span><\/button><\/a><\/div><div class=\"w-separator size_custom\" style=\"height:100px\"><\/div><\/div><\/div><div class=\"wpb_column vc_column_container\"><div class=\"vc_column-inner\"><\/div><\/div><\/div><\/div><\/section>\n","protected":false},"excerpt":{"rendered":"Nous sommes d\u00e9j\u00e0 en train de le faire Nous sommes passionn\u00e9s par le rapatriement des enfants ukrainiens d\u00e9port\u00e9s. Notre solide future \u00e9quipeEn tant qu&#8217;organisation, notre objectif est de construire une \u00e9quipe solide et efficace qui travaille ensemble, m\u00eame au-del\u00e0 des fronti\u00e8res g\u00e9ographiques. Bien que la plupart de notre future \u00e9quipe ne travaille pas au m\u00eame...","protected":false},"author":1,"featured_media":0,"parent":0,"menu_order":0,"comment_status":"closed","ping_status":"closed","template":"","meta":{"_acf_changed":false,"give_campaign_id":0,"pmpro_default_level":"","episode_type":"","audio_file":"","podmotor_file_id":"","podmotor_episode_id":"","cover_image":"","cover_image_id":"","duration":"","filesize":"","filesize_raw":"","date_recorded":"","explicit":"","block":"","itunes_episode_number":"","itunes_title":"","itunes_season_number":"","itunes_episode_type":"","iawp_total_views":3,"footnotes":""},"class_list":["post-1782","page","type-page","status-publish","hentry","pmpro-has-access"],"acf":[],"campaignId":"","_links":{"self":[{"href":"https:\/\/comehome.network\/fr\/wp-json\/wp\/v2\/pages\/1782","targetHints":{"allow":["GET"]}}],"collection":[{"href":"https:\/\/comehome.network\/fr\/wp-json\/wp\/v2\/pages"}],"about":[{"href":"https:\/\/comehome.network\/fr\/wp-json\/wp\/v2\/types\/page"}],"author":[{"embeddable":true,"href":"https:\/\/comehome.network\/fr\/wp-json\/wp\/v2\/users\/1"}],"replies":[{"embeddable":true,"href":"https:\/\/comehome.network\/fr\/wp-json\/wp\/v2\/comments?post=1782"}],"version-history":[{"count":11,"href":"https:\/\/comehome.network\/fr\/wp-json\/wp\/v2\/pages\/1782\/revisions"}],"predecessor-version":[{"id":7482,"href":"https:\/\/comehome.network\/fr\/wp-json\/wp\/v2\/pages\/1782\/revisions\/7482"}],"wp:attachment":[{"href":"https:\/\/comehome.network\/fr\/wp-json\/wp\/v2\/media?parent=1782"}],"curies":[{"name":"wp","href":"https:\/\/api.w.org\/{rel}","templated":true}]}}